{"id":155,"date":"2023-11-19T09:24:58","date_gmt":"2023-11-19T09:24:58","guid":{"rendered":"https:\/\/www.monrowijnen.nl\/?post_type=product&#038;p=155"},"modified":"2023-11-22T19:25:09","modified_gmt":"2023-11-22T19:25:09","slug":"spatburgunder-pinot-noir-2022","status":"publish","type":"product","link":"https:\/\/www.monrowijnen.nl\/index.php\/product\/spatburgunder-pinot-noir-2022\/","title":{"rendered":"Sp\u00e4tburgunder Pinot Noir Ros\u00e9 2022"},"content":{"rendered":"<p>Ros\u00e9 2022<\/p>\n<p>Herkomst: Duitsland<\/p>\n<p>Kwaliteitswijn A half droog<\/p>\n<p>11.5% alc.<\/p>\n<p>Deze heerlijke licht zoete ros\u00e9 is fris en fruitig van smaak en de kleur is zeer licht ros\u00e9.<br \/>\nDe heerlijke wijn staat voor subtiliteit, charme en soepel fruit.<br \/>\nDeze half droge ros\u00e9 is heerlijk als zomers aperitief, maar ook geschikt bij pittige gerechten zoals scampi&#8217;s met chilisaus.<br \/>\nDe ideale drinktempratuur is 10 &#8211; 12 graden<br \/>\nDeze ros\u00e9 is Biologisch geteeld en Vega.<\/p>\n<p>\u20ac12,95<\/p>\n","protected":false},"excerpt":{"rendered":"<p>Ros\u00e9 2022 Herkomst: Duitsland Kwaliteitswijn A half droog 11.5% alc. Deze heerlijke licht zoete ros\u00e9 is fris en fruitig van smaak en de kleur is zeer licht ros\u00e9. De heerlijke wijn staat voor subtiliteit, charme en soepel fruit. Deze half droge ros\u00e9 is heerlijk als zomers aperitief, maar ook geschikt [&hellip;]<\/p>\n","protected":false},"featured_media":169,"template":"","meta":[],"product_cat":[26,24],"product_tag":[18],"class_list":["post-155","product","type-product","status-publish","has-post-thumbnail","hentry","product_cat-duitsland","product_cat-rose","product_tag-rose"],"jetpack_sharing_enabled":true,"_links":{"self":[{"href":"https:\/\/www.monrowijnen.nl\/index.php\/wp-json\/wp\/v2\/product\/155","targetHints":{"allow":["GET"]}}],"collection":[{"href":"https:\/\/www.monrowijnen.nl\/index.php\/wp-json\/wp\/v2\/product"}],"about":[{"href":"https:\/\/www.monrowijnen.nl\/index.php\/wp-json\/wp\/v2\/types\/product"}],"wp:featuredmedia":[{"embeddable":true,"href":"https:\/\/www.monrowijnen.nl\/index.php\/wp-json\/wp\/v2\/media\/169"}],"wp:attachment":[{"href":"https:\/\/www.monrowijnen.nl\/index.php\/wp-json\/wp\/v2\/media?parent=155"}],"wp:term":[{"taxonomy":"product_cat","embeddable":true,"href":"https:\/\/www.monrowijnen.nl\/index.php\/wp-json\/wp\/v2\/product_cat?post=155"},{"taxonomy":"product_tag","embeddable":true,"href":"https:\/\/www.monrowijnen.nl\/index.php\/wp-json\/wp\/v2\/product_tag?post=155"}],"curies":[{"name":"wp","href":"https:\/\/api.w.org\/{rel}","templated":true}]}}